{"id":22599,"date":"2024-09-17T11:35:33","date_gmt":"2024-09-17T11:35:33","guid":{"rendered":"https:\/\/staging.mylungs.be\/cookies-policy\/"},"modified":"2024-09-17T13:16:13","modified_gmt":"2024-09-17T13:16:13","slug":"cookies-policy","status":"publish","type":"page","link":"https:\/\/staging.mylungs.be\/fr\/cookies-policy\/","title":{"rendered":"Cookies policy"},"content":{"rendered":"\t\t<div data-elementor-type=\"wp-page\" data-elementor-id=\"22599\" class=\"elementor elementor-22599 elementor-22413\" data-elementor-settings=\"{&quot;element_pack_global_tooltip_width&quot;:{&quot;unit&quot;:&quot;px&quot;,&quot;size&quot;:&quot;&quot;,&quot;sizes&quot;:[]},&quot;element_pack_global_tooltip_width_widescreen&quot;:{&quot;unit&quot;:&quot;px&quot;,&quot;size&quot;:&quot;&quot;,&quot;sizes&quot;:[]},&quot;element_pack_global_tooltip_width_laptop&quot;:{&quot;unit&quot;:&quot;px&quot;,&quot;size&quot;:&quot;&quot;,&quot;sizes&quot;:[]},&quot;element_pack_global_tooltip_width_tablet_extra&quot;:{&quot;unit&quot;:&quot;px&quot;,&quot;size&quot;:&quot;&quot;,&quot;sizes&quot;:[]},&quot;element_pack_global_tooltip_width_tablet&quot;:{&quot;unit&quot;:&quot;px&quot;,&quot;size&quot;:&quot;&quot;,&quot;sizes&quot;:[]},&quot;element_pack_global_tooltip_width_mobile_extra&quot;:{&quot;unit&quot;:&quot;px&quot;,&quot;size&quot;:&quot;&quot;,&quot;sizes&quot;:[]},&quot;element_pack_global_tooltip_width_mobile&quot;:{&quot;unit&quot;:&quot;px&quot;,&quot;size&quot;:&quot;&quot;,&quot;sizes&quot;:[]},&quot;element_pack_global_tooltip_padding&quot;:{&quot;unit&quot;:&quot;px&quot;,&quot;top&quot;:&quot;&quot;,&quot;right&quot;:&quot;&quot;,&quot;bottom&quot;:&quot;&quot;,&quot;left&quot;:&quot;&quot;,&quot;isLinked&quot;:true},&quot;element_pack_global_tooltip_padding_widescreen&quot;:{&quot;unit&quot;:&quot;px&quot;,&quot;top&quot;:&quot;&quot;,&quot;right&quot;:&quot;&quot;,&quot;bottom&quot;:&quot;&quot;,&quot;left&quot;:&quot;&quot;,&quot;isLinked&quot;:true},&quot;element_pack_global_tooltip_padding_laptop&quot;:{&quot;unit&quot;:&quot;px&quot;,&quot;top&quot;:&quot;&quot;,&quot;right&quot;:&quot;&quot;,&quot;bottom&quot;:&quot;&quot;,&quot;left&quot;:&quot;&quot;,&quot;isLinked&quot;:true},&quot;element_pack_global_tooltip_padding_tablet_extra&quot;:{&quot;unit&quot;:&quot;px&quot;,&quot;top&quot;:&quot;&quot;,&quot;right&quot;:&quot;&quot;,&quot;bottom&quot;:&quot;&quot;,&quot;left&quot;:&quot;&quot;,&quot;isLinked&quot;:true},&quot;element_pack_global_tooltip_padding_tablet&quot;:{&quot;unit&quot;:&quot;px&quot;,&quot;top&quot;:&quot;&quot;,&quot;right&quot;:&quot;&quot;,&quot;bottom&quot;:&quot;&quot;,&quot;left&quot;:&quot;&quot;,&quot;isLinked&quot;:true},&quot;element_pack_global_tooltip_padding_mobile_extra&quot;:{&quot;unit&quot;:&quot;px&quot;,&quot;top&quot;:&quot;&quot;,&quot;right&quot;:&quot;&quot;,&quot;bottom&quot;:&quot;&quot;,&quot;left&quot;:&quot;&quot;,&quot;isLinked&quot;:true},&quot;element_pack_global_tooltip_padding_mobile&quot;:{&quot;unit&quot;:&quot;px&quot;,&quot;top&quot;:&quot;&quot;,&quot;right&quot;:&quot;&quot;,&quot;bottom&quot;:&quot;&quot;,&quot;left&quot;:&quot;&quot;,&quot;isLinked&quot;:true},&quot;element_pack_global_tooltip_border_radius&quot;:{&quot;unit&quot;:&quot;px&quot;,&quot;top&quot;:&quot;&quot;,&quot;right&quot;:&quot;&quot;,&quot;bottom&quot;:&quot;&quot;,&quot;left&quot;:&quot;&quot;,&quot;isLinked&quot;:true},&quot;element_pack_global_tooltip_border_radius_widescreen&quot;:{&quot;unit&quot;:&quot;px&quot;,&quot;top&quot;:&quot;&quot;,&quot;right&quot;:&quot;&quot;,&quot;bottom&quot;:&quot;&quot;,&quot;left&quot;:&quot;&quot;,&quot;isLinked&quot;:true},&quot;element_pack_global_tooltip_border_radius_laptop&quot;:{&quot;unit&quot;:&quot;px&quot;,&quot;top&quot;:&quot;&quot;,&quot;right&quot;:&quot;&quot;,&quot;bottom&quot;:&quot;&quot;,&quot;left&quot;:&quot;&quot;,&quot;isLinked&quot;:true},&quot;element_pack_global_tooltip_border_radius_tablet_extra&quot;:{&quot;unit&quot;:&quot;px&quot;,&quot;top&quot;:&quot;&quot;,&quot;right&quot;:&quot;&quot;,&quot;bottom&quot;:&quot;&quot;,&quot;left&quot;:&quot;&quot;,&quot;isLinked&quot;:true},&quot;element_pack_global_tooltip_border_radius_tablet&quot;:{&quot;unit&quot;:&quot;px&quot;,&quot;top&quot;:&quot;&quot;,&quot;right&quot;:&quot;&quot;,&quot;bottom&quot;:&quot;&quot;,&quot;left&quot;:&quot;&quot;,&quot;isLinked&quot;:true},&quot;element_pack_global_tooltip_border_radius_mobile_extra&quot;:{&quot;unit&quot;:&quot;px&quot;,&quot;top&quot;:&quot;&quot;,&quot;right&quot;:&quot;&quot;,&quot;bottom&quot;:&quot;&quot;,&quot;left&quot;:&quot;&quot;,&quot;isLinked&quot;:true},&quot;element_pack_global_tooltip_border_radius_mobile&quot;:{&quot;unit&quot;:&quot;px&quot;,&quot;top&quot;:&quot;&quot;,&quot;right&quot;:&quot;&quot;,&quot;bottom&quot;:&quot;&quot;,&quot;left&quot;:&quot;&quot;,&quot;isLinked&quot;:true}}\" data-elementor-post-type=\"page\">\n\t\t\t\t<div class=\"elementor-element elementor-element-e89e633 e-flex e-con-boxed e-con e-parent\" data-id=\"e89e633\" data-element_type=\"container\">\n\t\t\t\t\t<div class=\"e-con-inner\">\n\t\t\t\t<div class=\"elementor-element elementor-element-663d95a elementor-widget elementor-widget-spacer\" data-id=\"663d95a\" data-element_type=\"widget\" data-widget_type=\"spacer.default\">\n\t\t\t\t<div class=\"elementor-widget-container\">\n\t\t\t\t\t<div class=\"elementor-spacer\">\n\t\t\t<div class=\"elementor-spacer-inner\"><\/div>\n\t\t<\/div>\n\t\t\t\t<\/div>\n\t\t\t\t<\/div>\n\t\t\t\t\t<\/div>\n\t\t\t\t<\/div>\n\t\t<div class=\"elementor-element elementor-element-5225a10d e-flex e-con-boxed e-con e-parent\" data-id=\"5225a10d\" data-element_type=\"container\">\n\t\t\t\t\t<div class=\"e-con-inner\">\n\t\t<div class=\"elementor-element elementor-element-73883f34 e-flex e-con-boxed e-con e-child\" data-id=\"73883f34\" data-element_type=\"container\" data-settings=\"{&quot;background_background&quot;:&quot;classic&quot;}\">\n\t\t\t\t\t<div class=\"e-con-inner\">\n\t\t\t\t<div class=\"elementor-element elementor-element-7c60bb6b elementor-widget__width-initial elementor-widget-tablet__width-initial elementor-widget-mobile__width-inherit elementor-widget elementor-widget-heading\" data-id=\"7c60bb6b\" data-element_type=\"widget\" data-widget_type=\"heading.default\">\n\t\t\t\t<div class=\"elementor-widget-container\">\n\t\t\t<h2 class=\"elementor-heading-title elementor-size-default\">Politique en mati\u00e8re de cookies<\/h2>\t\t<\/div>\n\t\t\t\t<\/div>\n\t\t\t\t\t<\/div>\n\t\t\t\t<\/div>\n\t\t\t\t\t<\/div>\n\t\t\t\t<\/div>\n\t\t<div class=\"elementor-element elementor-element-50bfeb1 e-flex e-con-boxed e-con e-parent\" data-id=\"50bfeb1\" data-element_type=\"container\">\n\t\t\t\t\t<div class=\"e-con-inner\">\n\t\t\t\t<div class=\"elementor-element elementor-element-bf27cdf elementor-widget elementor-widget-text-editor\" data-id=\"bf27cdf\" data-element_type=\"widget\" data-widget_type=\"text-editor.default\">\n\t\t\t\t<div class=\"elementor-widget-container\">\n\t\t\t\t\t\t\t<p><strong>Cookies Policy for LUNGCANCER.BE<\/strong><\/p>\n<p><strong>1. Introduction<\/strong><\/p>\n<p>La pr\u00e9sente politique en mati\u00e8re de cookies explique ce que sont les cookies, comment LUNGCANCER.BE (\u00ab\u00a0nous\u00a0\u00bb, \u00ab\u00a0notre\u00a0\u00bb ou \u00ab\u00a0nos\u00a0\u00bb) utilise les cookies sur notre site web, LUNGCANCER.BE (le \u00ab\u00a0Site\u00a0\u00bb), les choix qui s&rsquo;offrent \u00e0 vous en mati\u00e8re de cookies et d&rsquo;autres informations sur les cookies.<br \/>\nEn utilisant notre site, vous consentez \u00e0 l&rsquo;utilisation de cookies conform\u00e9ment \u00e0 la pr\u00e9sente politique. <\/p>\n<p><strong>2. What Are Cookies?<\/strong><\/p>\n<p>Les cookies sont de petits fichiers texte qui sont stock\u00e9s sur votre appareil (ordinateur, tablette, smartphone, etc.) lorsque vous visitez un site web.<br \/>\nIls sont largement utilis\u00e9s pour faire fonctionner les sites web, ou les faire fonctionner plus efficacement, ainsi que pour fournir des informations aux propri\u00e9taires des sites web.<br \/>\nLes cookies nous aident \u00e0 comprendre comment notre site est utilis\u00e9 et \u00e0 am\u00e9liorer votre exp\u00e9rience d&rsquo;utilisateur.  <\/p>\n<p><strong>3. Utilisation des cookies par LUNGCANCER.BE<\/strong><\/p>\n<p>Nous utilisons diff\u00e9rents types de cookies \u00e0 des fins diverses, notamment :<\/p>\n<ul>\n<li>\n<p><strong>Cookies essentiels :<\/strong> Ces cookies sont n\u00e9cessaires au fonctionnement de notre site.<br \/>\nIls vous permettent de naviguer sur le site et d&rsquo;utiliser ses fonctionnalit\u00e9s, telles que l&rsquo;acc\u00e8s aux zones s\u00e9curis\u00e9es. <\/p>\n<\/li>\n<li>\n<p><strong>Cookies de performance et d&rsquo;analyse :<\/strong> Ces cookies nous permettent d&rsquo;analyser la mani\u00e8re dont les visiteurs utilisent notre site et d&rsquo;en surveiller les performances.<br \/>\nCela nous aide \u00e0 fournir une exp\u00e9rience de haute qualit\u00e9 en personnalisant notre offre et en identifiant et en corrigeant rapidement tout probl\u00e8me qui pourrait survenir. <\/p>\n<\/li>\n<li>\n<p><strong>Cookies de fonctionnalit\u00e9 :<\/strong> Ces cookies sont utilis\u00e9s pour vous reconna\u00eetre lorsque vous revenez sur notre site.<br \/>\nCela nous permet de personnaliser notre contenu, de vous accueillir par votre nom et de m\u00e9moriser vos pr\u00e9f\u00e9rences (par exemple, votre choix de langue ou de r\u00e9gion). <\/p>\n<\/li>\n<li>\n<p><strong>Cookies de ciblage et de publicit\u00e9 :<\/strong> Ces cookies enregistrent votre visite sur notre site, les pages que vous avez consult\u00e9es et les liens que vous avez suivis.<br \/>\nNous utilisons ces informations pour rendre notre site et la publicit\u00e9 qui y est affich\u00e9e plus pertinents par rapport \u00e0 vos int\u00e9r\u00eats.<br \/>\nNous pouvons \u00e9galement partager ces informations avec des tiers \u00e0 cette fin.  <\/p>\n<\/li>\n<\/ul>\n<p><strong>4. Cookies de tiers<\/strong><\/p>\n<p>Certains cookies peuvent \u00eatre plac\u00e9s sur votre appareil par des prestataires de services tiers qui ex\u00e9cutent certaines fonctions pour nous.<br \/>\nPar exemple, nous utilisons des services d&rsquo;analyse tiers pour nous aider \u00e0 comprendre comment nos utilisateurs utilisent le site.<br \/>\nCes tiers peuvent recueillir des informations sur vos activit\u00e9s en ligne au fil du temps et sur diff\u00e9rents sites web.  <\/p>\n<p><strong>5. Vos choix concernant les cookies<\/strong><\/p>\n<p>Vous avez le droit d&rsquo;accepter ou de refuser les cookies.<br \/>\nVous pouvez configurer votre navigateur web de mani\u00e8re \u00e0 ce qu&rsquo;il refuse tous les cookies ou certains d&rsquo;entre eux, ou qu&rsquo;il vous avertisse lorsque des cookies sont envoy\u00e9s.<br \/>\nSi vous choisissez de d\u00e9sactiver ou de refuser les cookies, veuillez noter que certaines parties de notre site peuvent devenir inaccessibles ou ne pas fonctionner correctement.  <\/p>\n<ul>\n<li>\n<p><strong>Param\u00e8tres du navigateur :<\/strong> La plupart des navigateurs web permettent de contr\u00f4ler la plupart des cookies par le biais des param\u00e8tres du navigateur.<br \/>\nPour en savoir plus sur les cookies, notamment pour savoir quels cookies ont \u00e9t\u00e9 install\u00e9s et comment les g\u00e9rer et les supprimer, consultez le site <a href=\"http:\/\/www.allaboutcookies.org\" target=\"_new\" rel=\"noopener\">www.allaboutcookies.org.<\/a> <\/p>\n<\/li>\n<li>\n<p><strong>Refus des cookies de tiers :<\/strong> Pour refuser les cookies publicitaires ou de ciblage de tiers, vous pouvez visiter les sites web de ces tiers pour g\u00e9rer vos pr\u00e9f\u00e9rences.<\/p>\n<\/li>\n<\/ul>\n<p><strong>6. Modifications de la pr\u00e9sente politique en mati\u00e8re de cookies<\/strong><\/p>\n<p>Nous pouvons mettre \u00e0 jour la pr\u00e9sente politique en mati\u00e8re de cookies de temps \u00e0 autre pour refl\u00e9ter des changements dans nos pratiques ou pour d&rsquo;autres raisons op\u00e9rationnelles, juridiques ou r\u00e9glementaires. Veuillez consulter r\u00e9guli\u00e8rement la pr\u00e9sente politique en mati\u00e8re de cookies pour rester inform\u00e9 de notre utilisation des cookies et des technologies connexes. <\/p>\n<p><strong>7. Contactez nous<\/strong><\/p>\n<p>Si vous avez des questions sur notre utilisation des cookies ou sur la pr\u00e9sente politique en mati\u00e8re de cookies, veuillez nous contacter \u00e0 l&rsquo;adresse suivante :<\/p>\n<ul>\n<li><strong>Email:<\/strong> <a rel=\"noopener\">contact@mylungs.be<\/a><\/li>\n<\/ul>\n\t\t\t\t\t\t<\/div>\n\t\t\t\t<\/div>\n\t\t\t\t\t<\/div>\n\t\t\t\t<\/div>\n\t\t\t\t<\/div>\n\t\t","protected":false},"excerpt":{"rendered":"<p>Politique en mati\u00e8re de cookies Cookies Policy for LUNGCANCER.BE 1. Introduction La pr\u00e9sente politique en mati\u00e8re de cookies explique ce que sont [&hellip;]<\/p>\n","protected":false},"author":2,"featured_media":0,"parent":0,"menu_order":0,"comment_status":"closed","ping_status":"closed","template":"","meta":{"footnotes":""},"class_list":["post-22599","page","type-page","status-publish","hentry"],"yoast_head":"<!-- This site is optimized with the Yoast SEO plugin v23.4 - https:\/\/yoast.com\/wordpress\/plugins\/seo\/ -->\n<title>Cookies policy - My Lung<\/title>\n<meta name=\"robots\" content=\"noindex, follow, max-snippet:-1, max-image-preview:large, max-video-preview:-1\" \/>\n<meta property=\"og:locale\" content=\"fr_FR\" \/>\n<meta property=\"og:type\" content=\"article\" \/>\n<meta property=\"og:title\" content=\"Cookies policy - My Lung\" \/>\n<meta property=\"og:description\" content=\"Politique en mati\u00e8re de cookies Cookies Policy for LUNGCANCER.BE 1. Introduction La pr\u00e9sente politique en mati\u00e8re de cookies explique ce que sont [&hellip;]\" \/>\n<meta property=\"og:url\" content=\"https:\/\/staging.mylungs.be\/fr\/cookies-policy\/\" \/>\n<meta property=\"og:site_name\" content=\"My Lung\" \/>\n<meta property=\"article:modified_time\" content=\"2024-09-17T13:16:13+00:00\" \/>\n<meta name=\"twitter:card\" content=\"summary_large_image\" \/>\n<meta name=\"twitter:label1\" content=\"Dur\u00e9e de lecture estim\u00e9e\" \/>\n\t<meta name=\"twitter:data1\" content=\"3 minutes\" \/>\n<script type=\"application\/ld+json\" class=\"yoast-schema-graph\">{\"@context\":\"https:\/\/schema.org\",\"@graph\":[{\"@type\":\"WebPage\",\"@id\":\"https:\/\/staging.mylungs.be\/fr\/cookies-policy\/\",\"url\":\"https:\/\/staging.mylungs.be\/fr\/cookies-policy\/\",\"name\":\"Cookies policy - My Lung\",\"isPartOf\":{\"@id\":\"https:\/\/staging.mylungs.be\/fr\/#website\"},\"datePublished\":\"2024-09-17T11:35:33+00:00\",\"dateModified\":\"2024-09-17T13:16:13+00:00\",\"breadcrumb\":{\"@id\":\"https:\/\/staging.mylungs.be\/fr\/cookies-policy\/#breadcrumb\"},\"inLanguage\":\"fr-FR\",\"potentialAction\":[{\"@type\":\"ReadAction\",\"target\":[\"https:\/\/staging.mylungs.be\/fr\/cookies-policy\/\"]}]},{\"@type\":\"BreadcrumbList\",\"@id\":\"https:\/\/staging.mylungs.be\/fr\/cookies-policy\/#breadcrumb\",\"itemListElement\":[{\"@type\":\"ListItem\",\"position\":1,\"name\":\"Home\",\"item\":\"https:\/\/staging.mylungs.be\/fr\/\"},{\"@type\":\"ListItem\",\"position\":2,\"name\":\"Cookies policy\"}]},{\"@type\":\"WebSite\",\"@id\":\"https:\/\/staging.mylungs.be\/fr\/#website\",\"url\":\"https:\/\/staging.mylungs.be\/fr\/\",\"name\":\"My Lung\",\"description\":\" Empowering platform designed specifically for lung cancer patients and their caregivers.\",\"potentialAction\":[{\"@type\":\"SearchAction\",\"target\":{\"@type\":\"EntryPoint\",\"urlTemplate\":\"https:\/\/staging.mylungs.be\/fr\/?s={search_term_string}\"},\"query-input\":{\"@type\":\"PropertyValueSpecification\",\"valueRequired\":true,\"valueName\":\"search_term_string\"}}],\"inLanguage\":\"fr-FR\"}]}<\/script>\n<!-- \/ Yoast SEO plugin. -->","yoast_head_json":{"title":"Cookies policy - My Lung","robots":{"index":"noindex","follow":"follow","max-snippet":"max-snippet:-1","max-image-preview":"max-image-preview:large","max-video-preview":"max-video-preview:-1"},"og_locale":"fr_FR","og_type":"article","og_title":"Cookies policy - My Lung","og_description":"Politique en mati\u00e8re de cookies Cookies Policy for LUNGCANCER.BE 1. Introduction La pr\u00e9sente politique en mati\u00e8re de cookies explique ce que sont [&hellip;]","og_url":"https:\/\/staging.mylungs.be\/fr\/cookies-policy\/","og_site_name":"My Lung","article_modified_time":"2024-09-17T13:16:13+00:00","twitter_card":"summary_large_image","twitter_misc":{"Dur\u00e9e de lecture estim\u00e9e":"3 minutes"},"schema":{"@context":"https:\/\/schema.org","@graph":[{"@type":"WebPage","@id":"https:\/\/staging.mylungs.be\/fr\/cookies-policy\/","url":"https:\/\/staging.mylungs.be\/fr\/cookies-policy\/","name":"Cookies policy - My Lung","isPartOf":{"@id":"https:\/\/staging.mylungs.be\/fr\/#website"},"datePublished":"2024-09-17T11:35:33+00:00","dateModified":"2024-09-17T13:16:13+00:00","breadcrumb":{"@id":"https:\/\/staging.mylungs.be\/fr\/cookies-policy\/#breadcrumb"},"inLanguage":"fr-FR","potentialAction":[{"@type":"ReadAction","target":["https:\/\/staging.mylungs.be\/fr\/cookies-policy\/"]}]},{"@type":"BreadcrumbList","@id":"https:\/\/staging.mylungs.be\/fr\/cookies-policy\/#breadcrumb","itemListElement":[{"@type":"ListItem","position":1,"name":"Home","item":"https:\/\/staging.mylungs.be\/fr\/"},{"@type":"ListItem","position":2,"name":"Cookies policy"}]},{"@type":"WebSite","@id":"https:\/\/staging.mylungs.be\/fr\/#website","url":"https:\/\/staging.mylungs.be\/fr\/","name":"My Lung","description":" Empowering platform designed specifically for lung cancer patients and their caregivers.","potentialAction":[{"@type":"SearchAction","target":{"@type":"EntryPoint","urlTemplate":"https:\/\/staging.mylungs.be\/fr\/?s={search_term_string}"},"query-input":{"@type":"PropertyValueSpecification","valueRequired":true,"valueName":"search_term_string"}}],"inLanguage":"fr-FR"}]}},"_links":{"self":[{"href":"https:\/\/staging.mylungs.be\/fr\/wp-json\/wp\/v2\/pages\/22599","targetHints":{"allow":["GET"]}}],"collection":[{"href":"https:\/\/staging.mylungs.be\/fr\/wp-json\/wp\/v2\/pages"}],"about":[{"href":"https:\/\/staging.mylungs.be\/fr\/wp-json\/wp\/v2\/types\/page"}],"author":[{"embeddable":true,"href":"https:\/\/staging.mylungs.be\/fr\/wp-json\/wp\/v2\/users\/2"}],"replies":[{"embeddable":true,"href":"https:\/\/staging.mylungs.be\/fr\/wp-json\/wp\/v2\/comments?post=22599"}],"version-history":[{"count":1,"href":"https:\/\/staging.mylungs.be\/fr\/wp-json\/wp\/v2\/pages\/22599\/revisions"}],"predecessor-version":[{"id":22600,"href":"https:\/\/staging.mylungs.be\/fr\/wp-json\/wp\/v2\/pages\/22599\/revisions\/22600"}],"wp:attachment":[{"href":"https:\/\/staging.mylungs.be\/fr\/wp-json\/wp\/v2\/media?parent=22599"}],"curies":[{"name":"wp","href":"https:\/\/api.w.org\/{rel}","templated":true}]}}